    {"id":8337,"date":"2023-02-14T13:42:12","date_gmt":"2023-02-14T11:42:12","guid":{"rendered":"https:\/\/www.morphparfum.ro\/?post_type=product&#038;p=8337"},"modified":"2025-10-23T13:42:58","modified_gmt":"2025-10-23T10:42:58","slug":"morph-burlat-refill-1000ml","status":"publish","type":"product","link":"https:\/\/morphparfum.ro\/en\/morph-burlat-refill-1000ml","title":{"rendered":"MORPH BURLAT AMBIENTAL - Room fragrance - 1000ML"},"content":{"rendered":"<article class=\"text-token-text-primary w-full focus:outline-none [--shadow-height:45px] has-data-writing-block:pointer-events-none has-data-writing-block:-mt-(--shadow-height) has-data-writing-block:pt-(--shadow-height) [&amp;:has([data-writing-block])&gt;*]:pointer-events-auto scroll-mt-[calc(var(--header-height)+min(200px,max(70px,20svh)))]\" dir=\"auto\" tabindex=\"-1\" data-turn-id=\"request-68f9ce86-6820-832a-9922-7002f1e13e0d-10\" data-testid=\"conversation-turn-58\" data-scroll-anchor=\"true\" data-turn=\"assistant\">\n<div class=\"text-base my-auto mx-auto pb-10 [--thread-content-margin:--spacing(4)] thread-sm:[--thread-content-margin:--spacing(6)] thread-lg:[--thread-content-margin:--spacing(16)] px-(--thread-content-margin)\">\n<div class=\"[--thread-content-max-width:40rem] thread-lg:[--thread-content-max-width:48rem] mx-auto max-w-(--thread-content-max-width) flex-1 group\/turn-messages focus-visible:outline-hidden relative flex w-full min-w-0 flex-col agent-turn\" tabindex=\"-1\">\n<div class=\"flex max-w-full flex-col grow\">\n<div class=\"min-h-8 text-message relative flex w-full flex-col items-end gap-2 text-start break-words whitespace-normal [.text-message+&amp;]:mt-1\" dir=\"auto\" data-message-author-role=\"assistant\" data-message-id=\"6407192f-0010-4f12-8ad8-11f404bcb00c\" data-message-model-slug=\"gpt-5\">\n<div class=\"flex w-full flex-col gap-1 empty:hidden first:pt-[1px]\">\n<div class=\"markdown prose dark:prose-invert w-full break-words light markdown-new-styling\">\n<h2 data-start=\"355\" data-end=\"858\"><strong data-start=\"355\" data-end=\"422\">Parfum de camer\u0103 Burlat 1000 ml\u00a0<\/strong><\/h2>\n<p data-start=\"355\" data-end=\"858\">Aceast\u0103 versiune extins\u0103 a parfumului de camer\u0103 Burlat este creat\u0103 pentru utilizare \u00eendelungat\u0103 \u0219i eficient\u0103. Formula sa artizanal\u0103, bazat\u0103 pe ingrediente naturale, men\u021bine aceea\u0219i calitate \u0219i profunzime a mirosului, oferind o parfumare constant\u0103, f\u0103r\u0103 varia\u021bii bru\u0219te de intensitate.<br data-start=\"709\" data-end=\"712\" \/>Parfumul are o prezen\u021b\u0103 calm\u0103, pl\u0103cut\u0103, potrivit\u0103 pentru \u00eenc\u0103peri mari sau medii, unde echilibrul olfactiv conteaz\u0103 mai mult dec\u00e2t intensitatea.<\/p>\n<h2 data-start=\"860\" data-end=\"1350\"><strong data-start=\"860\" data-end=\"941\">Rezerv\u0103 parfum de camer\u0103 Morph Burlat: cantitate generoas\u0103, difuzie uniform\u0103<\/strong><\/h2>\n<p data-start=\"860\" data-end=\"1350\">Rezerva de 1000 ml permite reumplerea repetat\u0103 a difuzoarelor ambientale \u0219i asigur\u0103 un consum economic. Lichidul se matureaz\u0103 lent, p\u0103str\u00e2nd stabilitatea mirosului \u0219i culoarea natural\u0103 ob\u021binut\u0103 din ingrediente autentice.<br data-start=\"1164\" data-end=\"1167\" \/>Aroma se elibereaz\u0103 treptat, oferind o senza\u021bie de aer curat \u0219i confort olfactiv constant. Este potrivit\u0103 pentru locuin\u021be, birouri, spa\u021bii comerciale, hoteluri sau zone de relaxare.<\/p>\n<h2 data-start=\"1352\" data-end=\"1742\"><strong data-start=\"1352\" data-end=\"1397\">Parfum ambiental pentru utilizare zilnic\u0103<\/strong><\/h2>\n<p data-start=\"1352\" data-end=\"1742\">Morph Burlat 1000 ml este conceput pentru cei care folosesc frecvent parfumuri de camer\u0103 \u0219i apreciaz\u0103 constan\u021ba \u0219i naturale\u021bea. Poate fi folosit \u00een orice sezon, f\u0103r\u0103 a \u00eenc\u0103rca aerul sau a domina spa\u021biul.<br data-start=\"1603\" data-end=\"1606\" \/>Este parfumul potrivit pentru cei care vor o prezen\u021b\u0103 discret\u0103, dar permanent\u0103, o arom\u0103 care completeaz\u0103 spa\u021biul \u0219i \u00eei ofer\u0103 coeren\u021b\u0103.<\/p>\n<h2 data-start=\"1744\" data-end=\"2180\"><strong data-start=\"1744\" data-end=\"1801\">Cum se utilizeaz\u0103 rezerva de parfum de camer\u0103 1000 ml<\/strong><\/h2>\n<p data-start=\"1744\" data-end=\"2180\">Agit\u0103 u\u0219or flaconul \u00eenainte de turnare pentru a activa notele naturale. Umple recipientul ambiental \u0219i regleaz\u0103 intensitatea parfumului prin num\u0103rul de be\u021bi\u0219oare. Pentru o difuzie echilibrat\u0103, rote\u0219te be\u021bi\u0219oarele periodic.<br data-start=\"2026\" data-end=\"2029\" \/>Cantitatea de 1 litru asigur\u0103 parfumarea constant\u0103 a spa\u021biului pentru perioade lungi, chiar \u0219i de c\u00e2teva luni, \u00een func\u021bie de condi\u021biile de utilizare.<\/p>\n<h2 data-start=\"2182\" data-end=\"2635\"><strong data-start=\"2182\" data-end=\"2231\">Semn\u0103tura Morph Ambiental<\/strong><\/h2>\n<p data-start=\"2182\" data-end=\"2635\" data-is-last-node=\"\" data-is-only-node=\"\">Fiecare rezerv\u0103 Burlat este produs\u0103 \u00een loturi mici, pentru a men\u021bine prospe\u021bimea \u0219i calitatea natural\u0103. Varia\u021biile subtile de nuan\u021b\u0103 ale lichidului arat\u0103 originea natural\u0103 a ingredientelor. Morph Burlat 1000 ml este alegerea potrivit\u0103 pentru cei care apreciaz\u0103 parfumurile ambientale curate, echilibrate \u0219i durabile, f\u0103r\u0103 excese, create pentru a oferi o prezen\u021b\u0103 real\u0103 \u0219i coerent\u0103 \u00een orice spa\u021biu.<\/p>\n<\/div>\n<\/div>\n<\/div>\n<\/div>\n<div class=\"z-0 flex min-h-[46px] justify-start\"><\/div>\n<div class=\"mt-3 w-full empty:hidden\">\n<div class=\"text-center\"><\/div>\n<\/div>\n<\/div>\n<\/div>\n<\/article>\n<div class=\"pointer-events-none h-px w-px\" aria-hidden=\"true\" data-edge=\"true\"><\/div>\n","protected":false},"excerpt":{"rendered":"<p>Morph Burlat Burlat Room Fragrance Reserve 1000 ml provides double the amount of natural room fragrance with a constant and balanced diffusion. Ideal for large spaces or for long-lasting use, it retains the same clean, calm and discreet fragrance typical of the Burlat range.<\/p>","protected":false},"featured_media":8338,"template":"","meta":{"_acf_changed":false},"product_brand":[],"product_cat":[21,127],"product_tag":[],"class_list":{"0":"post-8337","1":"product","2":"type-product","3":"status-publish","4":"has-post-thumbnail","6":"product_cat-parfum-ambiental","7":"product_cat-parfumuri","9":"first","10":"instock","11":"taxable","12":"shipping-taxable","13":"purchasable","14":"product-type-simple"},"acf":[],"_links":{"self":[{"href":"https:\/\/morphparfum.ro\/en\/wp-json\/wp\/v2\/product\/8337","targetHints":{"allow":["GET"]}}],"collection":[{"href":"https:\/\/morphparfum.ro\/en\/wp-json\/wp\/v2\/product"}],"about":[{"href":"https:\/\/morphparfum.ro\/en\/wp-json\/wp\/v2\/types\/product"}],"wp:featuredmedia":[{"embeddable":true,"href":"https:\/\/morphparfum.ro\/en\/wp-json\/wp\/v2\/media\/8338"}],"wp:attachment":[{"href":"https:\/\/morphparfum.ro\/en\/wp-json\/wp\/v2\/media?parent=8337"}],"wp:term":[{"taxonomy":"product_brand","embeddable":true,"href":"https:\/\/morphparfum.ro\/en\/wp-json\/wp\/v2\/product_brand?post=8337"},{"taxonomy":"product_cat","embeddable":true,"href":"https:\/\/morphparfum.ro\/en\/wp-json\/wp\/v2\/product_cat?post=8337"},{"taxonomy":"product_tag","embeddable":true,"href":"https:\/\/morphparfum.ro\/en\/wp-json\/wp\/v2\/product_tag?post=8337"}],"curies":[{"name":"wp","href":"https:\/\/api.w.org\/{rel}","templated":true}]}}