    {"id":767,"date":"2021-08-26T17:16:49","date_gmt":"2021-08-26T14:16:49","guid":{"rendered":"https:\/\/www.morphparfum.ro\/morph-crema-de-corp-vapor-200-ml\/"},"modified":"2026-04-14T00:15:31","modified_gmt":"2026-04-13T22:15:31","slug":"morph-body-cream-vapor-200-ml","status":"publish","type":"product","link":"https:\/\/morphparfum.ro\/en\/morph-crema-de-corp-vapor-200-ml","title":{"rendered":"BODY CREAM VAPOR MORPH 200ML"},"content":{"rendered":"<h2>BODY CREAM VAPOR MORPH 200ML<\/h2>\n<p>For those who can simply be happy!<\/p>\n<p>Morph body cream, precious and delicate, is designed to guarantee deep moisturizing of the skin.<br \/>\nRich in active ingredients, it envelops the body in a gentle embrace, leaves the skin velvety soft and leaves a pleasantly scented trail.<br \/>\nCombine it with your favorite fragrance for a truly unique effect.<\/p>\n<p>Apply cream to clean skin and massage until completely absorbed.<\/p>\n<p>Suitable for all skin types. For daily use.<\/p>","protected":false},"excerpt":{"rendered":"<p>CREMA DE CORP VAPOR MORPH 200ML Pentru cei care pot fi pur si simplu fericiti! Crema de corp Morph, pretioasa si delicata, este conceputa pentru a garanta o hidratare profunda a pielii. Bogat \u00een ingrediente active, \u00eenf\u0103\u0219oar\u0103 corpul \u00eentr-o \u00eembr\u0103\u021bi\u0219are delicat\u0103, confer\u0103 catifelare \u0219i elibereaz\u0103 o urm\u0103 pl\u0103cut parfumat\u0103. Combin\u0103-l cu parfumul t\u0103u preferat pentru [&hellip;]<\/p>\n","protected":false},"featured_media":13425,"template":"","meta":{"_acf_changed":false},"product_brand":[],"product_cat":[125,128,31,32],"product_tag":[],"class_list":{"0":"post-767","1":"product","2":"type-product","3":"status-publish","4":"has-post-thumbnail","6":"product_cat-baie-corp","7":"product_cat-bestsellers","8":"product_cat-crema-de-corp","9":"product_cat-recomandari","11":"first","12":"instock","13":"taxable","14":"shipping-taxable","15":"purchasable","16":"product-type-simple"},"acf":[],"_links":{"self":[{"href":"https:\/\/morphparfum.ro\/en\/wp-json\/wp\/v2\/product\/767","targetHints":{"allow":["GET"]}}],"collection":[{"href":"https:\/\/morphparfum.ro\/en\/wp-json\/wp\/v2\/product"}],"about":[{"href":"https:\/\/morphparfum.ro\/en\/wp-json\/wp\/v2\/types\/product"}],"wp:featuredmedia":[{"embeddable":true,"href":"https:\/\/morphparfum.ro\/en\/wp-json\/wp\/v2\/media\/13425"}],"wp:attachment":[{"href":"https:\/\/morphparfum.ro\/en\/wp-json\/wp\/v2\/media?parent=767"}],"wp:term":[{"taxonomy":"product_brand","embeddable":true,"href":"https:\/\/morphparfum.ro\/en\/wp-json\/wp\/v2\/product_brand?post=767"},{"taxonomy":"product_cat","embeddable":true,"href":"https:\/\/morphparfum.ro\/en\/wp-json\/wp\/v2\/product_cat?post=767"},{"taxonomy":"product_tag","embeddable":true,"href":"https:\/\/morphparfum.ro\/en\/wp-json\/wp\/v2\/product_tag?post=767"}],"curies":[{"name":"wp","href":"https:\/\/api.w.org\/{rel}","templated":true}]}}