    {"id":7470,"date":"2022-11-29T15:32:33","date_gmt":"2022-11-29T13:32:33","guid":{"rendered":"https:\/\/www.morphparfum.ro\/?post_type=product&#038;p=7470"},"modified":"2026-04-19T17:07:18","modified_gmt":"2026-04-19T15:07:18","slug":"morph_set_dishuman","status":"publish","type":"product","link":"https:\/\/morphparfum.ro\/en\/morph_set_disumano","title":{"rendered":"MORPH DISHUMAN - PERFUME AND CREAM SET"},"content":{"rendered":"<h2><span data-sheets-root=\"1\">MORPH DISUMANO PERFUME AND CREAM SET <\/span><\/h2>\n<p>Disumano is something different. A thought that rejects any kind of categorization or dogma: beautiful or ugly, pleasant or painful, mine or yours, him or her...<br \/>\nWhat is really \"normal\"?<br \/>\nAll and nothing.<br \/>\nThis is Disumano,<\/p>\n<div>Smells of peace.<\/div>\n<div><\/div>\n<div>\n<div>Set contains: perfume 100 ml and body cream 200ml<\/div>\n<\/div>","protected":false},"excerpt":{"rendered":"<p>MORPH DISUMANO SET PARFUM SI CREMA Disumano este ceva diferit. Un g\u00e2nd care respinge orice fel de clasificare sau dogm\u0103: frumos sau ur\u00e2t, pl\u0103cut sau dureros, al meu sau al t\u0103u, el sau ea\u2026 Ce este cu adev\u0103rat \u201enormal\u201d? Toate si nimic. Acesta este Disumano, Miros de pace. Setul con\u021bine: parfum 100 ml \u0219i crema [&hellip;]<\/p>\n","protected":false},"featured_media":19509,"template":"","meta":{"_acf_changed":false},"product_brand":[],"product_cat":[18,311],"product_tag":[],"class_list":{"0":"post-7470","1":"product","2":"type-product","3":"status-publish","4":"has-post-thumbnail","6":"product_cat-set-parfum-si-crema","7":"product_cat-set-morph","9":"first","10":"outofstock","11":"taxable","12":"shipping-taxable","13":"purchasable","14":"product-type-simple"},"acf":[],"_links":{"self":[{"href":"https:\/\/morphparfum.ro\/en\/wp-json\/wp\/v2\/product\/7470","targetHints":{"allow":["GET"]}}],"collection":[{"href":"https:\/\/morphparfum.ro\/en\/wp-json\/wp\/v2\/product"}],"about":[{"href":"https:\/\/morphparfum.ro\/en\/wp-json\/wp\/v2\/types\/product"}],"wp:featuredmedia":[{"embeddable":true,"href":"https:\/\/morphparfum.ro\/en\/wp-json\/wp\/v2\/media\/19509"}],"wp:attachment":[{"href":"https:\/\/morphparfum.ro\/en\/wp-json\/wp\/v2\/media?parent=7470"}],"wp:term":[{"taxonomy":"product_brand","embeddable":true,"href":"https:\/\/morphparfum.ro\/en\/wp-json\/wp\/v2\/product_brand?post=7470"},{"taxonomy":"product_cat","embeddable":true,"href":"https:\/\/morphparfum.ro\/en\/wp-json\/wp\/v2\/product_cat?post=7470"},{"taxonomy":"product_tag","embeddable":true,"href":"https:\/\/morphparfum.ro\/en\/wp-json\/wp\/v2\/product_tag?post=7470"}],"curies":[{"name":"wp","href":"https:\/\/api.w.org\/{rel}","templated":true}]}}