    {"id":35610,"date":"2024-06-28T08:03:00","date_gmt":"2024-06-28T05:03:00","guid":{"rendered":"https:\/\/morphparfum.ro\/?post_type=product&#038;p=35610"},"modified":"2025-07-31T23:17:28","modified_gmt":"2025-07-31T20:17:28","slug":"morph-set-samples-luxury-collection","status":"publish","type":"product","link":"https:\/\/morphparfum.ro\/en\/morph-set-esantioane-luxury-collection","title":{"rendered":"MORPH PERFUME SCENTS - LUXURY COLLECTION"},"content":{"rendered":"<h2>MORPH PERFUME SCENTS - LUXURY COLLECTION<\/h2>\n<p>Discover the full range of fragrances from the LUXURY collection, a range of 12 exclusive fragrances, packaged in 2.5 ml mini spray bottles. This set is the ideal way to find your favorite fragrance and contains: Malaga, Indomable, Cruda, Kolonaki, Vision, Zeta, Antigua Bay, Vapor, Nudo, Axum, Pure Soul and Montmartre.<\/p>","protected":false},"excerpt":{"rendered":"<p>MORPH ESANTIOANE PARFUM &#8211; LUXURY COLLECTION Descoper\u0103 toat\u0103 gama de parfumuri din colec\u021bia LUXURY, o gam\u0103 de 12 parfumuri exclusive, ambalate \u00een mini sticle de 2,5 ml, cu pulverizator. Acest set este modalitatea ideal\u0103 de a-\u021bi g\u0103si parfumul preferat \u0219i con\u021bine: Malaga, Indomable, Cruda, Kolonaki, Vision, Zeta, Antigua Bay, Vapor, Nudo, Axum, Pure Soul \u0219i [&hellip;]<\/p>\n","protected":false},"featured_media":14207,"template":"","meta":{"_acf_changed":false},"product_brand":[],"product_cat":[129,127],"product_tag":[],"class_list":{"0":"post-35610","1":"product","2":"type-product","3":"status-publish","4":"has-post-thumbnail","6":"product_cat-set-esantioane-parfumuri","7":"product_cat-parfumuri","9":"first","10":"instock","11":"taxable","12":"shipping-taxable","13":"purchasable","14":"product-type-simple"},"acf":[],"_links":{"self":[{"href":"https:\/\/morphparfum.ro\/en\/wp-json\/wp\/v2\/product\/35610","targetHints":{"allow":["GET"]}}],"collection":[{"href":"https:\/\/morphparfum.ro\/en\/wp-json\/wp\/v2\/product"}],"about":[{"href":"https:\/\/morphparfum.ro\/en\/wp-json\/wp\/v2\/types\/product"}],"wp:featuredmedia":[{"embeddable":true,"href":"https:\/\/morphparfum.ro\/en\/wp-json\/wp\/v2\/media\/14207"}],"wp:attachment":[{"href":"https:\/\/morphparfum.ro\/en\/wp-json\/wp\/v2\/media?parent=35610"}],"wp:term":[{"taxonomy":"product_brand","embeddable":true,"href":"https:\/\/morphparfum.ro\/en\/wp-json\/wp\/v2\/product_brand?post=35610"},{"taxonomy":"product_cat","embeddable":true,"href":"https:\/\/morphparfum.ro\/en\/wp-json\/wp\/v2\/product_cat?post=35610"},{"taxonomy":"product_tag","embeddable":true,"href":"https:\/\/morphparfum.ro\/en\/wp-json\/wp\/v2\/product_tag?post=35610"}],"curies":[{"name":"wp","href":"https:\/\/api.w.org\/{rel}","templated":true}]}}