    {"id":38728,"date":"2025-10-14T15:07:49","date_gmt":"2025-10-14T12:07:49","guid":{"rendered":"https:\/\/morphparfum.ro\/?page_id=38728"},"modified":"2025-12-11T18:01:27","modified_gmt":"2025-12-11T16:01:27","slug":"reseller","status":"publish","type":"page","link":"https:\/\/morphparfum.ro\/en\/reseller","title":{"rendered":"Reseller"},"content":{"rendered":"<section class=\"bde-section-38728-113 bde-section\" product-list=\"9\">\n  \n  \n\t\n\n\n\n<div class=\"section-container\"><div class=\"bde-div-38728-114 bde-div\">\n  \n  \n\t\n\n\n\n<h1 class=\"bde-heading-38728-116 bde-heading\">\nResellers\n<\/h1><p class=\"bde-text-38728-149 bde-text\">\nAl\u0103tur\u0103-te loca\u021biilor partenere Morph Parfum Rom\u00e2nia!<br>Fii parte din povestea noastr\u0103 \u0219i adaug\u0103 mireasma inconfundabil\u0103 a parfumurilor Morph \u00een ora\u0219ul t\u0103u!\n<\/p><div class=\"bde-button-38728-155 bde-button\">\n        \n    \n    \n    \n    \n            \n                    \n            \n            \n\n    \n    \n    \n    \n    \n    <a class=\"breakdance-link button-atom button-atom--custom bde-button__button\" href=\"#aplica-acum\" target=\"_self\" data-type=\"url\"  >\n\n    \n        <span class=\"button-atom__text\">Aplic\u0102 acum<\/span>\n\n        \n        \n                <\/a>\n\n    \n\n\n<\/div><h2 class=\"bde-heading-38728-118 bde-heading\">\nLoca\u021bii partenere\n<\/h2><div class=\"bde-code-block-38728-148 bde-code-block\">\n\n  <div id=\"lev-wrap\" class=\"lev-wrap\">\n  <aside id=\"lev-list\" class=\"lev-list\">\n    <div class=\"lev-topbar\">\n      <strong><\/strong>\n      <div class=\"lev-actions\">\n        <button class=\"lev-btn\" id=\"lev-reset\" type=\"button\" title=\"Reseteaz\u0103 filtrele\">Reseteaz\u0103<\/button>\n      <\/div>\n    <\/div>\n    <div id=\"lev-list-box\" class=\"lev-list-box\"><\/div>\n  <\/aside>\n\n  <div id=\"lev-map\" class=\"lev-map\" aria-label=\"Harta loca\u021biilor\"><\/div>\n<\/div>\n\n\n<\/div><h2 id=\"aplica-acum\" class=\"bde-heading-38728-150 bde-heading\">\nFii \u0219i tu parte din povestea Morph! Aplic\u0103 acum pentru loca\u021bie partener\u0103!\n<\/h2><div class=\"bde-div-38728-151 bde-div\">\n  \n  \n\t\n\n\n\n<div class=\"bde-form-builder-38728-152 bde-form-builder\">\n\n<form id=\"formular-morph-reseller152\" class=\"breakdance-form breakdance-form--vertical\" data-options=\"{&quot;slug&quot;:&quot;custom&quot;,&quot;name&quot;:&quot;Formular Morph Reseller&quot;,&quot;ajaxUrl&quot;:&quot;https:\\\/\\\/morphparfum.ro\\\/wp-admin\\\/admin-ajax.php&quot;,&quot;clearOnSuccess&quot;:true,&quot;hideOnSuccess&quot;:false,&quot;successMessage&quot;:&quot;Mesajul t\\u0103u a fost trimis cu succes!&quot;,&quot;errorMessage&quot;:&quot;Te rug\\u0103m s\\u0103 verifici datele completate \\u0219i s\\u0103 mai \\u00eencerci odata.&quot;,&quot;redirect&quot;:true,&quot;redirectUrl&quot;:&quot;https:\\\/\\\/morphparfum.ro\\\/confirmare-trimitere-cerere\\\/&quot;,&quot;customJavaScript&quot;:&quot;&quot;,&quot;recaptcha&quot;:{&quot;key&quot;:&quot;&quot;,&quot;enabled&quot;:false},&quot;honeypot_enabled&quot;:false,&quot;popupsOnSuccess&quot;:[],&quot;popupsOnError&quot;:[]}\" data-steps=\"0\" >\n  \n  \n  \n<div class=\"breakdance-form-field breakdance-form-field--text\" >\n    \n    \n            <label class=\"breakdance-form-field__label\" for=\"nume\">\n            Nume<span class=\"breakdance-form-field__required\">*<\/span>\n        <\/label>\n    \n    <input\n    class=\"breakdance-form-field__input\"\n    id=\"nume\"\n    aria-describedby=\"nume\"\n    type=\"text\"\n    name=\"fields[nume]\"\n    placeholder=\"Nume\"\n    value=\"\"\n                \n        \n        \n    required\n    \n    \n    \n    \n    \n>\n\n\n    \n    \n<\/div>\n\n\n<div class=\"breakdance-form-field breakdance-form-field--text\" >\n    \n    \n            <label class=\"breakdance-form-field__label\" for=\"prenume\">\n            Prenume<span class=\"breakdance-form-field__required\">*<\/span>\n        <\/label>\n    \n    <input\n    class=\"breakdance-form-field__input\"\n    id=\"prenume\"\n    aria-describedby=\"prenume\"\n    type=\"text\"\n    name=\"fields[prenume]\"\n    placeholder=\"Prenume\"\n    value=\"\"\n                \n        \n        \n    required\n    \n    \n    \n    \n    \n>\n\n\n    \n    \n<\/div>\n\n\n<div class=\"breakdance-form-field breakdance-form-field--email\" >\n    \n    \n            <label class=\"breakdance-form-field__label\" for=\"e-mail\">\n            E-mail<span class=\"breakdance-form-field__required\">*<\/span>\n        <\/label>\n    \n    <input\n    class=\"breakdance-form-field__input\"\n    id=\"e-mail\"\n    aria-describedby=\"e-mail\"\n    type=\"email\"\n    name=\"fields[e-mail]\"\n    placeholder=\"Adresa de e-mail\"\n    value=\"\"\n                \n        \n        \n    required\n    \n    \n    \n    \n    \n>\n\n\n    \n    \n<\/div>\n\n\n<div class=\"breakdance-form-field breakdance-form-field--tel\" >\n    \n    \n            <label class=\"breakdance-form-field__label\" for=\"telefon\">\n            Telefon<span class=\"breakdance-form-field__required\">*<\/span>\n        <\/label>\n    \n    <input\n    class=\"breakdance-form-field__input\"\n    id=\"telefon\"\n    aria-describedby=\"telefon\"\n    type=\"tel\"\n    name=\"fields[telefon]\"\n    placeholder=\"Num\u0103r telefon\"\n    value=\"\"\n                \n        \n        \n    required\n    \n    \n    \n    \n    \n>\n\n\n    \n    \n<\/div>\n\n\n<div class=\"breakdance-form-field breakdance-form-field--text\" >\n    \n    \n            <label class=\"breakdance-form-field__label\" for=\"companie\">\n            Companie<span class=\"breakdance-form-field__required\">*<\/span>\n        <\/label>\n    \n    <input\n    class=\"breakdance-form-field__input\"\n    id=\"companie\"\n    aria-describedby=\"companie\"\n    type=\"text\"\n    name=\"fields[companie]\"\n    placeholder=\"Nume companie\"\n    value=\"\"\n                \n        \n        \n    required\n    \n    \n    \n    \n    \n>\n\n\n    \n    \n<\/div>\n\n\n<div class=\"breakdance-form-field breakdance-form-field--text\" >\n    \n    \n            <label class=\"breakdance-form-field__label\" for=\"industrie\">\n            Industrie<span class=\"breakdance-form-field__required\">*<\/span>\n        <\/label>\n    \n    <input\n    class=\"breakdance-form-field__input\"\n    id=\"industrie\"\n    aria-describedby=\"industrie\"\n    type=\"text\"\n    name=\"fields[industrie]\"\n    placeholder=\"Industrie\"\n    value=\"\"\n                \n        \n        \n    required\n    \n    \n    \n    \n    \n>\n\n\n    \n    \n<\/div>\n\n\n<div class=\"breakdance-form-field breakdance-form-field--text\" >\n    \n    \n            <label class=\"breakdance-form-field__label\" for=\"brand\">\n            Brand<span class=\"breakdance-form-field__required\">*<\/span>\n        <\/label>\n    \n    <input\n    class=\"breakdance-form-field__input\"\n    id=\"brand\"\n    aria-describedby=\"brand\"\n    type=\"text\"\n    name=\"fields[brand]\"\n    placeholder=\"Brand\"\n    value=\"\"\n                \n        \n        \n    required\n    \n    \n    \n    \n    \n>\n\n\n    \n    \n<\/div>\n\n\n<div class=\"breakdance-form-field breakdance-form-field--text\" >\n    \n    \n            <label class=\"breakdance-form-field__label\" for=\"oras\">\n            Ora\u0219<span class=\"breakdance-form-field__required\">*<\/span>\n        <\/label>\n    \n    <input\n    class=\"breakdance-form-field__input\"\n    id=\"oras\"\n    aria-describedby=\"oras\"\n    type=\"text\"\n    name=\"fields[oras]\"\n    placeholder=\"Ora\u0219 \/ Loca\u021bie\"\n    value=\"\"\n                \n        \n        \n    required\n    \n    \n    \n    \n    \n>\n\n\n    \n    \n<\/div>\n\n\n<div class=\"breakdance-form-field breakdance-form-field--textarea\" >\n    \n    \n            <label class=\"breakdance-form-field__label\" for=\"mesaj\">\n            Mesaj\n        <\/label>\n    \n    <textarea\n    class=\"breakdance-form-field__input\"\n    id=\"mesaj\"\n    aria-describedby=\"mesaj\"\n    type=\"textarea\"\n    name=\"fields[mesaj]\"\n        placeholder=\"De ce dori\u021bi s\u0103 deveni\u021bi loca\u021bie partener\u0103 Morph?\"\n    \n    \n    \n    >\n<\/textarea>\n\n\n    \n    \n<\/div>\n\n\n<div class=\"breakdance-form-field breakdance-form-field--checkbox\" >\n    \n    \n    \n    <fieldset role=\"group\"\n    >\n          <div class=\"breakdance-form-checkbox\">\n          <input\n              type=\"checkbox\"\n              name=\"fields[ievaxv]\"\n              value=\"Am citit, accept Termenii \u0219i condi\u021biile \u0219i Politica de confiden\u021bialitate \u0219i sunt de acord cu procesarea datelor mele cu caracter personal \u00een scopurile pentru care au fost trimise.\"\n              id=\"ievaxv-1\"\n              \n              \n                        >\n          <label class=\"breakdance-form-checkbox__text\" for=\"ievaxv-1\">Am citit, accept Termenii \u0219i condi\u021biile \u0219i Politica de confiden\u021bialitate \u0219i sunt de acord cu procesarea datelor mele cu caracter personal \u00een scopurile pentru care au fost trimise.<\/label>\n      <\/div>\n  <\/fieldset>\n\n\n\n    \n    \n<\/div><div class=\"breakdance-form-field breakdance-form-footer\">    \n    \n    \n    \n    \n            \n            <button type=\"submit\" class=\"button-atom button-atom--primary breakdance-form-button breakdance-form-button__submit\"  >\n    \n        <span class=\"button-atom__text\">Trimite<\/span>\n\n        \n        \n            <\/button>\n    \n    <input type=\"hidden\" name=\"form_id\" value=\"152\">\n    <input type=\"hidden\" name=\"post_id\" value=\"38728\">\n<\/div>\n\n  \n<\/form>\n\n\n<\/div>\n<\/div><h2 class=\"bde-heading-38728-153 bde-heading\">\nFii parte din comunitatea noastr\u0103 online!\n<\/h2><div class=\"bde-social-icons-38728-154 bde-social-icons\">\n                  \n            \n            \n\n    \n    \n    \n    \n    \n    <a class=\"breakdance-link bde-social-icons__icon-wrapper bde-social-icons__icon-facebook\" href=\"https:\/\/www.facebook.com\/morphromania\" target=\"_blank\" data-type=\"url\" aria-label=\"facebook\" rel=\"noopener\">\n\n             <svg xmlns=\"http:\/\/www.w3.org\/2000\/svg\" width=\"100%\" viewBox=\"0 0 24 24\">\n            <path d=\"M9 8h-3v4h3v12h5v-12h3.642l.358-4h-4v-1.667c0-.955.192-1.333 1.115-1.333h2.885v-5h-3.808c-3.596 0-5.192 1.583-5.192 4.615v3.385z\"\/>\n       <\/svg>\n              <\/a>\n\n                    \n            \n            \n\n    \n    \n    \n    \n    \n    <a class=\"breakdance-link bde-social-icons__icon-wrapper bde-social-icons__icon-instagram\" href=\"https:\/\/www.instagram.com\/morphparfumromania\/\" target=\"_blank\" data-type=\"url\" aria-label=\"instagram\" rel=\"noopener\">\n\n             <svg xmlns=\"http:\/\/www.w3.org\/2000\/svg\" width=\"100%\" viewBox=\"0 0 24 24\">\n            <path d=\"M12 2.163c3.204 0 3.584.012 4.85.07 3.252.148 4.771 1.691 4.919 4.919.058 1.265.069 1.645.069 4.849 0 3.205-.012 3.584-.069 4.849-.149 3.225-1.664 4.771-4.919 4.919-1.266.058-1.644.07-4.85.07-3.204 0-3.584-.012-4.849-.07-3.26-.149-4.771-1.699-4.919-4.92-.058-1.265-.07-1.644-.07-4.849 0-3.204.013-3.583.07-4.849.149-3.227 1.664-4.771 4.919-4.919 1.266-.057 1.645-.069 4.849-.069zm0-2.163c-3.259 0-3.667.014-4.947.072-4.358.2-6.78 2.618-6.98 6.98-.059 1.281-.073 1.689-.073 4.948 0 3.259.014 3.668.072 4.948.2 4.358 2.618 6.78 6.98 6.98 1.281.058 1.689.072 4.948.072 3.259 0 3.668-.014 4.948-.072 4.354-.2 6.782-2.618 6.979-6.98.059-1.28.073-1.689.073-4.948 0-3.259-.014-3.667-.072-4.947-.196-4.354-2.617-6.78-6.979-6.98-1.281-.059-1.69-.073-4.949-.073zm0 5.838c-3.403 0-6.162 2.759-6.162 6.162s2.759 6.163 6.162 6.163 6.162-2.759 6.162-6.163c0-3.403-2.759-6.162-6.162-6.162zm0 10.162c-2.209 0-4-1.79-4-4 0-2.209 1.791-4 4-4s4 1.791 4 4c0 2.21-1.791 4-4 4zm6.406-11.845c-.796 0-1.441.645-1.441 1.44s.645 1.44 1.441 1.44c.795 0 1.439-.645 1.439-1.44s-.644-1.44-1.439-1.44z\"\/>\n       <\/svg>\n              <\/a>\n\n                    \n            \n            \n\n    \n    \n    \n    \n    \n    <a class=\"breakdance-link bde-social-icons__icon-wrapper bde-social-icons__icon-custom\" href=\"https:\/\/www.tiktok.com\/@morphparfumro\" target=\"_blank\" data-type=\"url\" aria-label=\"custom\" rel=\"noopener\">\n\n                        <svg xmlns=\"http:\/\/www.w3.org\/2000\/svg\" viewBox=\"0 0 448 512\"><!--! Font Awesome Free 6.5.1 by @fontawesome - https:\/\/fontawesome.com License - https:\/\/fontawesome.com\/license\/free (Icons: CC BY 4.0, Fonts: SIL OFL 1.1, Code: MIT License) Copyright 2023 Fonticons, Inc. --><path d=\"M448,209.91a210.06,210.06,0,0,1-122.77-39.25V349.38A162.55,162.55,0,1,1,185,188.31V278.2a74.62,74.62,0,1,0,52.23,71.18V0l88,0a121.18,121.18,0,0,0,1.86,22.17h0A122.18,122.18,0,0,0,381,102.39a121.43,121.43,0,0,0,67,20.14Z\"\/><\/svg>\n                      <\/a>\n\n                    \n            \n            \n\n    \n    \n    \n    \n    \n    <a class=\"breakdance-link bde-social-icons__icon-wrapper bde-social-icons__icon-youtube\" href=\"https:\/\/www.youtube.com\/@MorphParfumRomania\" target=\"_blank\" data-type=\"url\" aria-label=\"youtube\" rel=\"noopener\">\n\n             <svg xmlns=\"http:\/\/www.w3.org\/2000\/svg\" width=\"100%\" viewBox=\"0 0 24 24\">\n            <path d=\"M19.615 3.184c-3.604-.246-11.631-.245-15.23 0-3.897.266-4.356 2.62-4.385 8.816.029 6.185.484 8.549 4.385 8.816 3.6.245 11.626.246 15.23 0 3.897-.266 4.356-2.62 4.385-8.816-.029-6.185-.484-8.549-4.385-8.816zm-10.615 12.816v-8l8 3.993-8 4.007z\"\/>\n       <\/svg>\n              <\/a>\n\n                    \n            \n            \n\n    \n    \n    \n    \n    \n    <a class=\"breakdance-link bde-social-icons__icon-wrapper bde-social-icons__icon-linkedin\" href=\"https:\/\/www.linkedin.com\/company\/morph-parfum-romania\/\" target=\"_blank\" data-type=\"url\" aria-label=\"linkedin\" rel=\"noopener\">\n\n             <svg xmlns=\"http:\/\/www.w3.org\/2000\/svg\" width=\"100%\" viewBox=\"-4 -2 32 32\">\n            <path d=\"M4.98 3.5c0 1.381-1.11 2.5-2.48 2.5s-2.48-1.119-2.48-2.5c0-1.38 1.11-2.5 2.48-2.5s2.48 1.12 2.48 2.5zm.02 4.5h-5v16h5v-16zm7.982 0h-4.968v16h4.969v-8.399c0-4.67 6.029-5.052 6.029 0v8.399h4.988v-10.131c0-7.88-8.922-7.593-11.018-3.714v-2.155z\"\/>\n       <\/svg>\n              <\/a>\n\n    \n<\/div>\n<\/div><\/div>\n<\/section>","protected":false},"excerpt":{"rendered":"<p>Resellers Al\u0103tur\u0103-te loca\u021biilor partenere Morph Parfum Rom\u00e2nia!Fii parte din povestea noastr\u0103 \u0219i adaug\u0103 mireasma inconfundabil\u0103 a parfumurilor Morph \u00een ora\u0219ul t\u0103u! Aplic\u0102 acum Loca\u021bii partenere Reseteaz\u0103 Fii \u0219i tu parte din povestea Morph! Aplic\u0103 acum pentru loca\u021bie partener\u0103! Nume* Prenume* E-mail* Telefon* Companie* Industrie* Brand* Ora\u0219* Mesaj Am citit, accept Termenii \u0219i condi\u021biile \u0219i Politica [&hellip;]<\/p>\n","protected":false},"author":1,"featured_media":0,"parent":0,"menu_order":0,"comment_status":"closed","ping_status":"closed","template":"","meta":{"_acf_changed":false,"_breakdance_hide_in_design_set":false,"_breakdance_tags":"","footnotes":""},"class_list":["post-38728","page","type-page","status-publish","hentry"],"acf":[],"_links":{"self":[{"href":"https:\/\/morphparfum.ro\/en\/wp-json\/wp\/v2\/pages\/38728","targetHints":{"allow":["GET"]}}],"collection":[{"href":"https:\/\/morphparfum.ro\/en\/wp-json\/wp\/v2\/pages"}],"about":[{"href":"https:\/\/morphparfum.ro\/en\/wp-json\/wp\/v2\/types\/page"}],"author":[{"embeddable":true,"href":"https:\/\/morphparfum.ro\/en\/wp-json\/wp\/v2\/users\/1"}],"replies":[{"embeddable":true,"href":"https:\/\/morphparfum.ro\/en\/wp-json\/wp\/v2\/comments?post=38728"}],"version-history":[{"count":2,"href":"https:\/\/morphparfum.ro\/en\/wp-json\/wp\/v2\/pages\/38728\/revisions"}],"predecessor-version":[{"id":40348,"href":"https:\/\/morphparfum.ro\/en\/wp-json\/wp\/v2\/pages\/38728\/revisions\/40348"}],"wp:attachment":[{"href":"https:\/\/morphparfum.ro\/en\/wp-json\/wp\/v2\/media?parent=38728"}],"curies":[{"name":"wp","href":"https:\/\/api.w.org\/{rel}","templated":true}]}}