    {"id":35972,"date":"2025-06-12T18:08:32","date_gmt":"2025-06-12T15:08:32","guid":{"rendered":"https:\/\/morphparfum.ro\/?page_id=35972"},"modified":"2025-06-12T18:50:16","modified_gmt":"2025-06-12T15:50:16","slug":"morph-authenticity-check","status":"publish","type":"page","link":"https:\/\/morphparfum.ro\/en\/verificarea-autenticitatii-produsului-morph","title":{"rendered":"Verificarea autenticit\u0103\u021bii produsului Morph"},"content":{"rendered":"<section class=\"bde-section-35972-100 bde-section\">\n  \n  \n\t\n\n\n\n<div class=\"section-container\"><h1 class=\"bde-heading-35972-103 bde-heading\">\nAuthenticity of Morph products\n<\/h1><div class=\"bde-text-35972-104 bde-text\">\nThanks to the partnership between Morph and Certilogo, we are able to offer an even more exclusive experience to the brand's users, creating a deeper connection between each person and their fragrance.<br><br>With Certilogo, you can check in seconds if the product is original and genuine.<br><br>It's simple to use: scan the QR code on the box with your phone or enter the serial code in the field below. You will receive an instant reply and enter the Morph universe.\n<\/div><div class=\"bde-columns-35972-118 bde-columns\"><div class=\"bde-column-35972-119 bde-column\">\n  \n  \n\t\n\n\n\n<img decoding=\"async\" class=\"bde-image2-35972-121 bde-image2\" src=\"https:\/\/morphparfum.ro\/wp-content\/uploads\/2025\/06\/moph-certilogo.webp\" alt=\"moph certilogo\" loading=\"lazy\" srcset=\"https:\/\/morphparfum.ro\/wp-content\/uploads\/2025\/06\/moph-certilogo.webp 1000w, https:\/\/morphparfum.ro\/wp-content\/uploads\/2025\/06\/moph-certilogo-247x300.webp 247w, https:\/\/morphparfum.ro\/wp-content\/uploads\/2025\/06\/moph-certilogo-843x1024.webp 843w, https:\/\/morphparfum.ro\/wp-content\/uploads\/2025\/06\/moph-certilogo-768x933.webp 768w, https:\/\/morphparfum.ro\/wp-content\/uploads\/2025\/06\/moph-certilogo-10x12.webp 10w, https:\/\/morphparfum.ro\/wp-content\/uploads\/2025\/06\/moph-certilogo-600x729.webp 600w\" sizes=\"(max-width: 1000px) 100vw, 1000px\">\n<\/div><div class=\"bde-column-35972-120 bde-column\">\n  \n  \n\t\n\n\n\n<h2 class=\"bde-heading-35972-122 bde-heading\">\nCheck now\n<\/h2><div class=\"bde-text-35972-123 bde-text\">\nAlready purchased this product?<br><br>Enter below the 12-digit CLG code found on the Morph product label \n<\/div><div class=\"bde-code-block-35972-125 bde-code-block\">\n\n  <div style=\"max-width: 400px; margin: auto; padding: 20px;\">\n  <input\n    type=\"text\"\n    id=\"codCLG\"\n    placeholder=\"Ex: 123456789012\"\n    style=\"width: 100%; padding: 10px; font-size: 16px; margin-bottom: 15px;\"\n  \/>\n\n  <button\n    id=\"verificaBtn\"\n    style=\"width: 100%; background: black; color: white; padding: 12px; font-size: 16px; border: none; cursor: pointer;\"\n  >\n    CHECK NOW\n  <\/button>\n<\/div>\n\n<script>\n  document.addEventListener(\"DOMContentLoaded\", function () {\n    const btn = document.getElementById(\"verificaBtn\");\n    btn.addEventListener(\"click\", function () {\n      const cod = document.getElementById(\"codCLG\").value.trim();\n\n      if (cod.length === 12 && \/^\\d+$\/.test(cod)) {\n        window.open(`https:\/\/www.certilogo.com\/check\/${cod}`, \"_blank\");\n      } else {\n        alert(\"Te rug\u0103m s\u0103 introduci un cod valid din 12 cifre.\");\n      }\n    });\n  });\n<\/script>\n\n\n\n<\/div>\n<\/div><\/div><\/div>\n<\/section>","protected":false},"excerpt":{"rendered":"<p>Autenticitatea produselor Morph Datorit\u0103 parteneriatului dintre Morph \u0219i Certilogo, putem oferi o experien\u021b\u0103 \u0219i mai exclusivist\u0103 utilizatorilor brandului, cre\u00e2nd o conexiune mai profund\u0103 \u00eentre fiecare persoan\u0103 \u0219i parfumul s\u0103u.Prin Certilogo, po\u021bi verifica \u00een c\u00e2teva secunde dac\u0103 produsul este original \u0219i autentic.Este foarte simplu de utilizat: scaneaz\u0103 codul QR de pe cutie cu telefonul t\u0103u sau [&hellip;]<\/p>\n","protected":false},"author":1,"featured_media":0,"parent":0,"menu_order":0,"comment_status":"closed","ping_status":"closed","template":"","meta":{"_acf_changed":false,"_breakdance_hide_in_design_set":false,"_breakdance_tags":"","footnotes":""},"class_list":["post-35972","page","type-page","status-publish","hentry"],"acf":[],"_links":{"self":[{"href":"https:\/\/morphparfum.ro\/en\/wp-json\/wp\/v2\/pages\/35972","targetHints":{"allow":["GET"]}}],"collection":[{"href":"https:\/\/morphparfum.ro\/en\/wp-json\/wp\/v2\/pages"}],"about":[{"href":"https:\/\/morphparfum.ro\/en\/wp-json\/wp\/v2\/types\/page"}],"author":[{"embeddable":true,"href":"https:\/\/morphparfum.ro\/en\/wp-json\/wp\/v2\/users\/1"}],"replies":[{"embeddable":true,"href":"https:\/\/morphparfum.ro\/en\/wp-json\/wp\/v2\/comments?post=35972"}],"version-history":[{"count":0,"href":"https:\/\/morphparfum.ro\/en\/wp-json\/wp\/v2\/pages\/35972\/revisions"}],"wp:attachment":[{"href":"https:\/\/morphparfum.ro\/en\/wp-json\/wp\/v2\/media?parent=35972"}],"curies":[{"name":"wp","href":"https:\/\/api.w.org\/{rel}","templated":true}]}}