    {"id":21144,"date":"2024-11-26T00:35:36","date_gmt":"2024-11-26T00:35:36","guid":{"rendered":"https:\/\/morphparfum.ro\/?page_id=21144"},"modified":"2025-05-30T12:39:01","modified_gmt":"2025-05-30T09:39:01","slug":"newsletter-subscription","status":"publish","type":"page","link":"https:\/\/morphparfum.ro\/en\/abonare-newsletter","title":{"rendered":"Newsletter subscription"},"content":{"rendered":"<section class=\"bde-section-21144-116 bde-section\" product-list=\"9\">\n  \n  \n\t\n\n\n\n<div class=\"section-container\"><div class=\"bde-div-21144-117 bde-div\">\n  \n  \n\t\n\n\n\n<h1 class=\"bde-heading-21144-118 bde-heading\">\nAboneaz\u0103-te la newsletter-ul\n<\/h1><img decoding=\"async\" class=\"bde-image2-21144-122 bde-image2\" src=\"https:\/\/morphparfum.ro\/wp-content\/uploads\/2025\/05\/logo-svg.svg\" alt=\"Parfumuri unisex de nisa -Morph Parfum Rom\u00e2nia\" loading=\"lazy\"><p class=\"bde-text-21144-119 bde-text\">\nAfl\u0103 \u00eenaintea tuturor ultimele nout\u0103\u021bi, campaniile \u00een derulare, dar \u0219i beneficiile exclusive special create pentru membrii comunit\u0103\u021bii Morph.\n<\/p><h2 class=\"bde-heading-21144-121 bde-heading\">\nPo\u021bi avea acces \u00een premier\u0103 la\n<\/h2><div class=\"bde-grid-21144-124 bde-grid\">\n  \n  \n\t\n\n\n\n<div class=\"bde-div-21144-126 bde-div\">\n  \n  \n\t\n\n\n\n<img decoding=\"async\" class=\"bde-image2-21144-134 bde-image2\" src=\"https:\/\/morphparfum.ro\/wp-content\/uploads\/2024\/12\/Beneficii-exclusive-Morph.avif\" alt=\"Beneficii exclusive Morph\" loading=\"lazy\" sizes=\"(max-width: 300px) 100vw, 300px\"><div class=\"bde-div-21144-144 bde-div\">\n  \n  \n\t\n\n\n\n\n<\/div><div class=\"bde-text-21144-127 bde-text\">\nBeneficii Exclusive\n<\/div>\n<\/div><div class=\"bde-div-21144-154 bde-div\">\n  \n  \n\t\n\n\n\n<img decoding=\"async\" class=\"bde-image2-21144-155 bde-image2\" src=\"https:\/\/morphparfum.ro\/wp-content\/uploads\/2024\/12\/Produse-in-trend-Morph.avif\" alt=\"Produse in trend Morph\" loading=\"lazy\" sizes=\"(max-width: 300px) 100vw, 300px\"><div class=\"bde-div-21144-156 bde-div\">\n  \n  \n\t\n\n\n\n\n<\/div><div class=\"bde-text-21144-157 bde-text\">\nProduse \u00een trend\n<\/div>\n<\/div><div class=\"bde-div-21144-150 bde-div\">\n  \n  \n\t\n\n\n\n<img decoding=\"async\" class=\"bde-image2-21144-151 bde-image2\" src=\"https:\/\/morphparfum.ro\/wp-content\/uploads\/2024\/12\/Noutati-Morph.avif\" alt=\"Noutati Morph\" loading=\"lazy\" sizes=\"(max-width: 300px) 100vw, 300px\"><div class=\"bde-div-21144-152 bde-div\">\n  \n  \n\t\n\n\n\n\n<\/div><div class=\"bde-text-21144-153 bde-text\">\nNout\u0103\u021bi\n<\/div>\n<\/div><div class=\"bde-div-21144-146 bde-div\">\n  \n  \n\t\n\n\n\n<img decoding=\"async\" class=\"bde-image2-21144-147 bde-image2\" src=\"https:\/\/morphparfum.ro\/wp-content\/uploads\/2024\/12\/Campanii-speciale-Morph.avif\" alt=\"Campanii speciale Morph\" loading=\"lazy\" sizes=\"(max-width: 300px) 100vw, 300px\"><div class=\"bde-div-21144-148 bde-div\">\n  \n  \n\t\n\n\n\n\n<\/div><div class=\"bde-text-21144-149 bde-text\">\nCampanii speciale\n<\/div>\n<\/div>\n<\/div><h2 class=\"bde-heading-21144-123 bde-heading\">\nCe trebuie s\u0103 faci\n<\/h2><p class=\"bde-text-21144-158 bde-text\">\nCompleteaz\u0103 corect adresa de <b>E-mail<\/b> \u0219i apas\u0103 butonul \u201cAbonare\u201d!\n<\/p><div class=\"bde-div-21144-159 bde-div\">\n  \n  \n\t\n\n\n\n<div class=\"bde-form-builder-21144-161 bde-form-builder\">\n\n<form id=\"abonare-newsletter161\" class=\"breakdance-form breakdance-form--vertical\" data-options=\"{&quot;slug&quot;:&quot;custom&quot;,&quot;name&quot;:&quot;Abonare newsletter&quot;,&quot;ajaxUrl&quot;:&quot;https:\\\/\\\/morphparfum.ro\\\/wp-admin\\\/admin-ajax.php&quot;,&quot;clearOnSuccess&quot;:true,&quot;hideOnSuccess&quot;:false,&quot;successMessage&quot;:&quot;Mul\\u021bumim! Te-ai \\u00eenscris cu succes la newsletterul nostru..&quot;,&quot;errorMessage&quot;:&quot;Te rug\\u0103m s\\u0103 verifici datele completate \\u0219i s\\u0103 mai \\u00eencerci odata.&quot;,&quot;redirect&quot;:false,&quot;redirectUrl&quot;:&quot;https:\\\/\\\/morphparfum.ro\\\/confirmare-trimitere-cerere\\\/&quot;,&quot;customJavaScript&quot;:&quot;&quot;,&quot;recaptcha&quot;:{&quot;key&quot;:&quot;&quot;,&quot;enabled&quot;:false},&quot;honeypot_enabled&quot;:false,&quot;popupsOnSuccess&quot;:[],&quot;popupsOnError&quot;:[]}\" data-steps=\"0\" >\n  \n  \n  \n<div class=\"breakdance-form-field breakdance-form-field--email\" >\n    \n    \n    \n    <input\n    class=\"breakdance-form-field__input\"\n    id=\"e-mail\"\n    aria-describedby=\"e-mail\"\n    type=\"email\"\n    name=\"fields[e-mail]\"\n    placeholder=\"Adresa de e-mail\"\n    value=\"\"\n                \n        \n        \n    required\n    \n    \n    \n    \n    \n>\n\n\n    \n    \n<\/div>\n\n\n<div class=\"breakdance-form-field breakdance-form-field--checkbox\" >\n    \n    \n    \n    <fieldset role=\"group\"\n    >\n          <div class=\"breakdance-form-checkbox\">\n          <input\n              type=\"checkbox\"\n              name=\"fields[ievaxv]\"\n              value=\"Prin trimitere, v\u0103 exprima\u021bi acordul cu privire la prelucrarea datelor personale, \u00een scopul prelucr\u0103rii \u0219i trimiterii ofertelor de marketing.\"\n              id=\"ievaxv-1\"\n              \n              \n                        >\n          <label class=\"breakdance-form-checkbox__text\" for=\"ievaxv-1\">Prin trimitere, v\u0103 exprima\u021bi acordul cu privire la prelucrarea datelor personale, \u00een scopul prelucr\u0103rii \u0219i trimiterii ofertelor de marketing.<\/label>\n      <\/div>\n  <\/fieldset>\n\n\n\n    \n    \n<\/div><div class=\"breakdance-form-field breakdance-form-footer\">    \n    \n    \n    \n    \n            \n            <button type=\"submit\" class=\"button-atom button-atom--primary breakdance-form-button breakdance-form-button__submit\"  >\n    \n        <span class=\"button-atom__text\">Abonare<\/span>\n\n        \n        \n            <\/button>\n    \n    <input type=\"hidden\" name=\"form_id\" value=\"161\">\n    <input type=\"hidden\" name=\"post_id\" value=\"21144\">\n<\/div>\n\n  \n<\/form>\n\n\n<\/div><div class=\"bde-rich-text-21144-163 bde-rich-text breakdance-rich-text-styles\">\n<p>V\u0103 pute\u021bi dezabona oric\u00e2nd dori\u021bi. Pentru mai multe detalii, v\u0103 rug\u0103m s\u0103 consulta\u021bi\u00a0<a href=\"https:\/\/morphparfum.ro\/politica-de-confidentialitate\/\" target=\"_blank\" rel=\"noopener\">Politica noastr\u0103 de confiden\u021bialitate.<\/a><\/p>\n<\/div>\n<\/div><h2 class=\"bde-heading-21144-164 bde-heading\">\nFii parte din comunitatea noastr\u0103 online!\n<\/h2><div class=\"bde-social-icons-21144-165 bde-social-icons\">\n                  \n            \n            \n\n    \n    \n    \n    \n    \n    <a class=\"breakdance-link bde-social-icons__icon-wrapper bde-social-icons__icon-facebook\" href=\"https:\/\/www.facebook.com\/morphromania\" target=\"_blank\" data-type=\"url\" aria-label=\"facebook\" rel=\"noopener\">\n\n             <svg xmlns=\"http:\/\/www.w3.org\/2000\/svg\" width=\"100%\" viewBox=\"0 0 24 24\">\n            <path d=\"M9 8h-3v4h3v12h5v-12h3.642l.358-4h-4v-1.667c0-.955.192-1.333 1.115-1.333h2.885v-5h-3.808c-3.596 0-5.192 1.583-5.192 4.615v3.385z\"\/>\n       <\/svg>\n              <\/a>\n\n                    \n            \n            \n\n    \n    \n    \n    \n    \n    <a class=\"breakdance-link bde-social-icons__icon-wrapper bde-social-icons__icon-instagram\" href=\"https:\/\/www.instagram.com\/morphparfumromania\/\" target=\"_blank\" data-type=\"url\" aria-label=\"instagram\" rel=\"noopener\">\n\n             <svg xmlns=\"http:\/\/www.w3.org\/2000\/svg\" width=\"100%\" viewBox=\"0 0 24 24\">\n            <path d=\"M12 2.163c3.204 0 3.584.012 4.85.07 3.252.148 4.771 1.691 4.919 4.919.058 1.265.069 1.645.069 4.849 0 3.205-.012 3.584-.069 4.849-.149 3.225-1.664 4.771-4.919 4.919-1.266.058-1.644.07-4.85.07-3.204 0-3.584-.012-4.849-.07-3.26-.149-4.771-1.699-4.919-4.92-.058-1.265-.07-1.644-.07-4.849 0-3.204.013-3.583.07-4.849.149-3.227 1.664-4.771 4.919-4.919 1.266-.057 1.645-.069 4.849-.069zm0-2.163c-3.259 0-3.667.014-4.947.072-4.358.2-6.78 2.618-6.98 6.98-.059 1.281-.073 1.689-.073 4.948 0 3.259.014 3.668.072 4.948.2 4.358 2.618 6.78 6.98 6.98 1.281.058 1.689.072 4.948.072 3.259 0 3.668-.014 4.948-.072 4.354-.2 6.782-2.618 6.979-6.98.059-1.28.073-1.689.073-4.948 0-3.259-.014-3.667-.072-4.947-.196-4.354-2.617-6.78-6.979-6.98-1.281-.059-1.69-.073-4.949-.073zm0 5.838c-3.403 0-6.162 2.759-6.162 6.162s2.759 6.163 6.162 6.163 6.162-2.759 6.162-6.163c0-3.403-2.759-6.162-6.162-6.162zm0 10.162c-2.209 0-4-1.79-4-4 0-2.209 1.791-4 4-4s4 1.791 4 4c0 2.21-1.791 4-4 4zm6.406-11.845c-.796 0-1.441.645-1.441 1.44s.645 1.44 1.441 1.44c.795 0 1.439-.645 1.439-1.44s-.644-1.44-1.439-1.44z\"\/>\n       <\/svg>\n              <\/a>\n\n                    \n            \n            \n\n    \n    \n    \n    \n    \n    <a class=\"breakdance-link bde-social-icons__icon-wrapper bde-social-icons__icon-custom\" href=\"https:\/\/www.tiktok.com\/@morphparfumro\" target=\"_blank\" data-type=\"url\" aria-label=\"custom\" rel=\"noopener\">\n\n                        <svg xmlns=\"http:\/\/www.w3.org\/2000\/svg\" viewBox=\"0 0 448 512\"><!--! Font Awesome Free 6.5.1 by @fontawesome - https:\/\/fontawesome.com License - https:\/\/fontawesome.com\/license\/free (Icons: CC BY 4.0, Fonts: SIL OFL 1.1, Code: MIT License) Copyright 2023 Fonticons, Inc. --><path d=\"M448,209.91a210.06,210.06,0,0,1-122.77-39.25V349.38A162.55,162.55,0,1,1,185,188.31V278.2a74.62,74.62,0,1,0,52.23,71.18V0l88,0a121.18,121.18,0,0,0,1.86,22.17h0A122.18,122.18,0,0,0,381,102.39a121.43,121.43,0,0,0,67,20.14Z\"\/><\/svg>\n                      <\/a>\n\n                    \n            \n            \n\n    \n    \n    \n    \n    \n    <a class=\"breakdance-link bde-social-icons__icon-wrapper bde-social-icons__icon-youtube\" href=\"https:\/\/www.youtube.com\/@MorphParfumRomania\" target=\"_blank\" data-type=\"url\" aria-label=\"youtube\" rel=\"noopener\">\n\n             <svg xmlns=\"http:\/\/www.w3.org\/2000\/svg\" width=\"100%\" viewBox=\"0 0 24 24\">\n            <path d=\"M19.615 3.184c-3.604-.246-11.631-.245-15.23 0-3.897.266-4.356 2.62-4.385 8.816.029 6.185.484 8.549 4.385 8.816 3.6.245 11.626.246 15.23 0 3.897-.266 4.356-2.62 4.385-8.816-.029-6.185-.484-8.549-4.385-8.816zm-10.615 12.816v-8l8 3.993-8 4.007z\"\/>\n       <\/svg>\n              <\/a>\n\n                    \n            \n            \n\n    \n    \n    \n    \n    \n    <a class=\"breakdance-link bde-social-icons__icon-wrapper bde-social-icons__icon-linkedin\" href=\"https:\/\/www.linkedin.com\/company\/morph-parfum-romania\/\" target=\"_blank\" data-type=\"url\" aria-label=\"linkedin\" rel=\"noopener\">\n\n             <svg xmlns=\"http:\/\/www.w3.org\/2000\/svg\" width=\"100%\" viewBox=\"-4 -2 32 32\">\n            <path d=\"M4.98 3.5c0 1.381-1.11 2.5-2.48 2.5s-2.48-1.119-2.48-2.5c0-1.38 1.11-2.5 2.48-2.5s2.48 1.12 2.48 2.5zm.02 4.5h-5v16h5v-16zm7.982 0h-4.968v16h4.969v-8.399c0-4.67 6.029-5.052 6.029 0v8.399h4.988v-10.131c0-7.88-8.922-7.593-11.018-3.714v-2.155z\"\/>\n       <\/svg>\n              <\/a>\n\n    \n<\/div>\n<\/div><\/div>\n<\/section>","protected":false},"excerpt":{"rendered":"<p>Aboneaz\u0103-te la newsletter-ul Afl\u0103 \u00eenaintea tuturor ultimele nout\u0103\u021bi, campaniile \u00een derulare, dar \u0219i beneficiile exclusive special create pentru membrii comunit\u0103\u021bii Morph. Po\u021bi avea acces \u00een premier\u0103 la Beneficii Exclusive Produse \u00een trend Nout\u0103\u021bi Campanii speciale Ce trebuie s\u0103 faci Completeaz\u0103 corect adresa de E-mail \u0219i apas\u0103 butonul \u201cAbonare\u201d! Prin trimitere, v\u0103 exprima\u021bi acordul cu privire [&hellip;]<\/p>\n","protected":false},"author":1,"featured_media":0,"parent":0,"menu_order":0,"comment_status":"closed","ping_status":"closed","template":"","meta":{"_acf_changed":false,"_breakdance_hide_in_design_set":false,"_breakdance_tags":"","footnotes":""},"class_list":["post-21144","page","type-page","status-publish","hentry"],"acf":[],"_links":{"self":[{"href":"https:\/\/morphparfum.ro\/en\/wp-json\/wp\/v2\/pages\/21144","targetHints":{"allow":["GET"]}}],"collection":[{"href":"https:\/\/morphparfum.ro\/en\/wp-json\/wp\/v2\/pages"}],"about":[{"href":"https:\/\/morphparfum.ro\/en\/wp-json\/wp\/v2\/types\/page"}],"author":[{"embeddable":true,"href":"https:\/\/morphparfum.ro\/en\/wp-json\/wp\/v2\/users\/1"}],"replies":[{"embeddable":true,"href":"https:\/\/morphparfum.ro\/en\/wp-json\/wp\/v2\/comments?post=21144"}],"version-history":[{"count":0,"href":"https:\/\/morphparfum.ro\/en\/wp-json\/wp\/v2\/pages\/21144\/revisions"}],"wp:attachment":[{"href":"https:\/\/morphparfum.ro\/en\/wp-json\/wp\/v2\/media?parent=21144"}],"curies":[{"name":"wp","href":"https:\/\/api.w.org\/{rel}","templated":true}]}}